{"id":1832,"date":"2025-08-07T14:31:08","date_gmt":"2025-08-07T12:31:08","guid":{"rendered":"https:\/\/munde-biereck.de\/?page_id=1832"},"modified":"2026-03-03T17:28:10","modified_gmt":"2026-03-03T16:28:10","slug":"hotel-2","status":"publish","type":"page","link":"https:\/\/munde-biereck.de\/en\/hotel-2\/","title":{"rendered":"About us"},"content":{"rendered":"<div class=\"wpb-content-wrapper\"><p>[vc_row section_type=&#8221;fullwidth&#8221; height_ratio=&#8221;60&#8243; padding_top_multiplier=&#8221;&#8221; padding_bottom_multiplier=&#8221;&#8221; rc_bg_type=&#8221;color&#8221; scroll_header_skin=&#8221;dark&#8221; rc_bg_color=&#8221;#DFDAD0&#8243;][vc_column content_width=&#8221;70&#8243; horizontal_content_position=&#8221;center&#8221; vertical_content_position=&#8221;middle&#8221; text_align=&#8221;center&#8221; mobile_content_width=&#8221;100&#8243;]<h2 class=\"grve-element grve-title grve-align-inherit grve-h2\"><span>Munde Biereck is where Black Forest heritage and modern living come together \u2013 rooted in home, shaped by vision.<\/span><\/h2>[\/vc_column][\/vc_row][vc_row section_type=&#8221;fullwidth&#8221; padding_top_multiplier=&#8221;4x&#8221; padding_bottom_multiplier=&#8221;2x&#8221; columns_gap=&#8221;60&#8243; scroll_header_skin=&#8221;dark&#8221;][vc_column width=&#8221;1\/2&#8243; content_width=&#8221;85&#8243; vertical_content_position=&#8221;middle&#8221; mobile_content_width=&#8221;100&#8243; mobile_horizontal_content_position=&#8221;center&#8221;]<h3 class=\"grve-element grve-title grve-align-inherit grve-subtitle-text\"><span>The Black Forest experience \u2013 real, warm, and refined<\/span><\/h3><h2 class=\"grve-element grve-title grve-align-inherit grve-h2\"><span>What &#8216;home&#8217; feels like<\/span><\/h2>[vc_column_text css=&#8221;&#8221;]In the Black Forest, beauty isn&#8217;t just admired \u2014 it&#8217;s protected. Here, tradition and sustainability go hand in hand, and the new earns its place by fitting in naturally. That\u2019s the foundation we build on. We choose local ingredients, cook timeless regional classics, and have a deep appreciation for wood. One house reflects a modern aesthetic, the other embraces traditional Black Forest charm \u2014 together, they show how heritage and contemporary design can coexist effortlessly. It\u2019s a balance that feels just right.[\/vc_column_text][\/vc_column][vc_column width=&#8221;1\/2&#8243; vertical_content_position=&#8221;middle&#8221;]<div class=\"grve-element grve-image grve-align-center\">\r\n\t<div class=\"grve-image-item\">\r\n\t\t\r\n\r\n<div class=\"grve-image-wrapper grve-no-effect\">\r\n\t\t<div class=\"grve-thumbnail-wrapper\"  style=\"width: 2000px;\"><div class=\"grve-thumbnail\"  style=\"padding-top: 66.65%;\"><img loading=\"lazy\" decoding=\"async\" width=\"2000\" height=\"1333\" src=\"https:\/\/munde-biereck.de\/wp-content\/uploads\/2025\/05\/MG_0599-e1754656902974.jpg\" class=\"attachment-full size-full\" alt=\"Modernes Holzhaus mit dunklem Dach und Balkon im Gr\u00fcnen.\" data-column-space=\"auto\" data-lazyload=\"\" data-grve-filter=\"yes\" \/><\/div><\/div>\t<\/div>\r\n\t<\/div>\r\n<\/div>\r\n[\/vc_column][\/vc_row][vc_row section_type=&#8221;fullwidth&#8221; padding_top_multiplier=&#8221;2x&#8221; padding_bottom_multiplier=&#8221;2x&#8221; columns_gap=&#8221;60&#8243; scroll_header_skin=&#8221;dark&#8221;][vc_column width=&#8221;1\/3&#8243; vertical_content_position=&#8221;middle&#8221;]<div class=\"grve-element grve-image grve-align-center\">\r\n\t<div class=\"grve-image-item\">\r\n\t\t\r\n\r\n<div class=\"grve-image-wrapper grve-no-effect\">\r\n\t\t<div class=\"grve-thumbnail-wrapper\"  style=\"width: 933px;\"><div class=\"grve-thumbnail\"  style=\"padding-top: 150.054%;\"><img loading=\"lazy\" decoding=\"async\" width=\"933\" height=\"1400\" src=\"https:\/\/munde-biereck.de\/wp-content\/uploads\/2025\/08\/Munde_Biereck_Interior_121.jpg\" class=\"attachment-full size-full\" alt=\"\" data-column-space=\"auto\" data-lazyload=\"\" data-grve-filter=\"yes\" srcset=\"https:\/\/munde-biereck.de\/wp-content\/uploads\/2025\/08\/Munde_Biereck_Interior_121.jpg 933w, https:\/\/munde-biereck.de\/wp-content\/uploads\/2025\/08\/Munde_Biereck_Interior_121-200x300.jpg 200w, https:\/\/munde-biereck.de\/wp-content\/uploads\/2025\/08\/Munde_Biereck_Interior_121-682x1024.jpg 682w, https:\/\/munde-biereck.de\/wp-content\/uploads\/2025\/08\/Munde_Biereck_Interior_121-768x1152.jpg 768w\" sizes=\"auto, (max-width: 933px) 100vw, 933px\" \/><\/div><\/div>\t<\/div>\r\n\t<\/div>\r\n<\/div>\r\n[\/vc_column][vc_column width=&#8221;1\/3&#8243;]<div class=\"grve-element grve-image grve-align-center\">\r\n\t<div class=\"grve-image-item\">\r\n\t\t\r\n\r\n<div class=\"grve-image-wrapper grve-no-effect\">\r\n\t\t<div class=\"grve-thumbnail-wrapper\"  style=\"width: 933px;\"><div class=\"grve-thumbnail\"  style=\"padding-top: 150.054%;\"><img loading=\"lazy\" decoding=\"async\" width=\"933\" height=\"1400\" src=\"https:\/\/munde-biereck.de\/wp-content\/uploads\/2025\/08\/Munde_Biereck_Interior_017.jpg\" class=\"attachment-full size-full\" alt=\"\" data-column-space=\"auto\" data-lazyload=\"\" data-grve-filter=\"yes\" srcset=\"https:\/\/munde-biereck.de\/wp-content\/uploads\/2025\/08\/Munde_Biereck_Interior_017.jpg 933w, https:\/\/munde-biereck.de\/wp-content\/uploads\/2025\/08\/Munde_Biereck_Interior_017-200x300.jpg 200w, https:\/\/munde-biereck.de\/wp-content\/uploads\/2025\/08\/Munde_Biereck_Interior_017-682x1024.jpg 682w, https:\/\/munde-biereck.de\/wp-content\/uploads\/2025\/08\/Munde_Biereck_Interior_017-768x1152.jpg 768w\" sizes=\"auto, (max-width: 933px) 100vw, 933px\" \/><\/div><\/div>\t<\/div>\r\n\t<\/div>\r\n<\/div>\r\n[\/vc_column][vc_column width=&#8221;1\/3&#8243;]<div class=\"grve-element grve-image grve-align-center\">\r\n\t<div class=\"grve-image-item\">\r\n\t\t\r\n\r\n<div class=\"grve-image-wrapper grve-no-effect\">\r\n\t\t<div class=\"grve-thumbnail-wrapper\"  style=\"width: 933px;\"><div class=\"grve-thumbnail\"  style=\"padding-top: 150.054%;\"><img loading=\"lazy\" decoding=\"async\" width=\"933\" height=\"1400\" src=\"https:\/\/munde-biereck.de\/wp-content\/uploads\/2025\/08\/Munde_Biereck_Interior_120.jpg\" class=\"attachment-full size-full\" alt=\"\" data-column-space=\"auto\" data-lazyload=\"\" data-grve-filter=\"yes\" srcset=\"https:\/\/munde-biereck.de\/wp-content\/uploads\/2025\/08\/Munde_Biereck_Interior_120.jpg 933w, https:\/\/munde-biereck.de\/wp-content\/uploads\/2025\/08\/Munde_Biereck_Interior_120-200x300.jpg 200w, https:\/\/munde-biereck.de\/wp-content\/uploads\/2025\/08\/Munde_Biereck_Interior_120-682x1024.jpg 682w, https:\/\/munde-biereck.de\/wp-content\/uploads\/2025\/08\/Munde_Biereck_Interior_120-768x1152.jpg 768w\" sizes=\"auto, (max-width: 933px) 100vw, 933px\" \/><\/div><\/div>\t<\/div>\r\n\t<\/div>\r\n<\/div>\r\n[\/vc_column][\/vc_row][vc_row section_type=&#8221;fullwidth&#8221; padding_top_multiplier=&#8221;4x&#8221; padding_bottom_multiplier=&#8221;4x&#8221; rc_bg_type=&#8221;color&#8221; columns_gap=&#8221;60&#8243; scroll_header_skin=&#8221;dark&#8221; rc_font_color=&#8221;#000000&#8243; rc_bg_color=&#8221;#E9E6DF&#8221; section_id=&#8221;geschichte&#8221;][vc_column width=&#8221;1\/2&#8243; content_width=&#8221;85&#8243; vertical_content_position=&#8221;middle&#8221; mobile_content_width=&#8221;100&#8243;]<h3 class=\"grve-element grve-title grve-align-inherit grve-subtitle-text\"><span>From Roman trail to timeless escape<\/span><\/h3><h2 class=\"grve-element grve-title grve-align-inherit grve-h2\"><span>History<\/span><\/h2>[vc_column_text css=&#8221;&#8221;]There\u2019s always been life up on the Munde. Once, a Roman road linked the Elz and Kinzig valleys, and the old H\u00f6hengasthaus Biereck served beer and bites to travelers, carters, and forest workers. Times have changed \u2014 and so has Munde Biereck. Today, Munde Biereck is a retreat for those seeking more: leisure guests, locals, and seminar groups alike. Conversation now flows between espresso cups and open laptops. What was once a waystation is now a destination \u2014 for people who appreciate character, comfort, and a sense of quiet belonging.[\/vc_column_text][\/vc_column][vc_column width=&#8221;1\/2&#8243;]<div class=\"grve-element grve-image grve-align-center\">\r\n\t<div class=\"grve-image-item\">\r\n\t\t\r\n\r\n<div class=\"grve-image-wrapper grve-no-effect\">\r\n\t\t<div class=\"grve-thumbnail-wrapper\"  style=\"width: 1800px;\"><div class=\"grve-thumbnail\"  style=\"padding-top: 66.667%;\"><img loading=\"lazy\" decoding=\"async\" width=\"1800\" height=\"1200\" src=\"https:\/\/munde-biereck.de\/wp-content\/uploads\/2025\/08\/Munde_Biereck_Interior_099.jpg\" class=\"attachment-full size-full\" alt=\"\" data-column-space=\"auto\" data-lazyload=\"\" data-grve-filter=\"yes\" srcset=\"https:\/\/munde-biereck.de\/wp-content\/uploads\/2025\/08\/Munde_Biereck_Interior_099.jpg 1800w, https:\/\/munde-biereck.de\/wp-content\/uploads\/2025\/08\/Munde_Biereck_Interior_099-300x200.jpg 300w, https:\/\/munde-biereck.de\/wp-content\/uploads\/2025\/08\/Munde_Biereck_Interior_099-1024x683.jpg 1024w, https:\/\/munde-biereck.de\/wp-content\/uploads\/2025\/08\/Munde_Biereck_Interior_099-768x512.jpg 768w, https:\/\/munde-biereck.de\/wp-content\/uploads\/2025\/08\/Munde_Biereck_Interior_099-1536x1024.jpg 1536w\" sizes=\"auto, (max-width: 1800px) 100vw, 1800px\" \/><\/div><\/div>\t<\/div>\r\n\t<\/div>\r\n<\/div>\r\n<div class=\"grve-empty-space grve-height-1x\"><\/div>[vc_column_text css=&#8221;&#8221; text_style=&#8221;small-text&#8221;]Courtesy of the municipality of Hofstetten and its citizens.[\/vc_column_text][\/vc_column][\/vc_row][vc_row section_type=&#8221;fullwidth&#8221; padding_top_multiplier=&#8221;&#8221; padding_bottom_multiplier=&#8221;&#8221; scroll_header_skin=&#8221;light&#8221; rc_font_color=&#8221;#000000&#8243; section_id=&#8221;wellness-galerie&#8221;][vc_column vertical_content_position=&#8221;middle&#8221;]<div class=\"grve-element grve-image grve-align-center\">\r\n\t<div class=\"grve-image-item\">\r\n\t\t\r\n\r\n<div class=\"grve-image-wrapper grve-no-effect\">\r\n\t\t<div class=\"grve-thumbnail-wrapper\"  style=\"width: 2000px;\"><div class=\"grve-thumbnail\"  style=\"padding-top: 66.65%;\"><img loading=\"lazy\" decoding=\"async\" width=\"2000\" height=\"1333\" src=\"https:\/\/munde-biereck.de\/wp-content\/uploads\/2025\/08\/Munde_Biereck_Interior_093.jpg\" class=\"attachment-full size-full\" alt=\"\" data-column-space=\"auto\" data-lazyload=\"\" data-grve-filter=\"yes\" srcset=\"https:\/\/munde-biereck.de\/wp-content\/uploads\/2025\/08\/Munde_Biereck_Interior_093.jpg 2000w, https:\/\/munde-biereck.de\/wp-content\/uploads\/2025\/08\/Munde_Biereck_Interior_093-300x200.jpg 300w, https:\/\/munde-biereck.de\/wp-content\/uploads\/2025\/08\/Munde_Biereck_Interior_093-1024x682.jpg 1024w, https:\/\/munde-biereck.de\/wp-content\/uploads\/2025\/08\/Munde_Biereck_Interior_093-768x512.jpg 768w, https:\/\/munde-biereck.de\/wp-content\/uploads\/2025\/08\/Munde_Biereck_Interior_093-1536x1024.jpg 1536w, https:\/\/munde-biereck.de\/wp-content\/uploads\/2025\/08\/Munde_Biereck_Interior_093-1920x1280.jpg 1920w\" sizes=\"auto, (max-width: 2000px) 100vw, 2000px\" \/><\/div><\/div>\t<\/div>\r\n\t<\/div>\r\n<\/div>\r\n[\/vc_column][\/vc_row]<\/p>\n<\/div>","protected":false},"excerpt":{"rendered":"<p>[vc_row section_type=&#8221;fullwidth&#8221; height_ratio=&#8221;60&#8243; padding_top_multiplier=&#8221;&#8221; padding_bottom_multiplier=&#8221;&#8221; rc_bg_type=&#8221;color&#8221; scroll_header_skin=&#8221;dark&#8221; rc_bg_color=&#8221;#DFDAD0&#8243;][vc_column content_width=&#8221;70&#8243; horizontal_content_position=&#8221;center&#8221; vertical_content_position=&#8221;middle&#8221; text_align=&#8221;center&#8221; mobile_content_width=&#8221;100&#8243;][\/vc_column][\/vc_row][vc_row section_type=&#8221;fullwidth&#8221; padding_top_multiplier=&#8221;4x&#8221; padding_bottom_multiplier=&#8221;2x&#8221; columns_gap=&#8221;60&#8243; scroll_header_skin=&#8221;dark&#8221;][vc_column width=&#8221;1\/2&#8243; content_width=&#8221;85&#8243; vertical_content_position=&#8221;middle&#8221; mobile_content_width=&#8221;100&#8243; mobile_horizontal_content_position=&#8221;center&#8221;][vc_column_text css=&#8221;&#8221;]In the Black Forest, beauty isn&#8217;t just admired \u2014 it&#8217;s protected. Here, tradition and sustainability go hand in hand, and the new earns its place by fitting in naturally. That\u2019s the foundation [&hellip;]<\/p>\n","protected":false},"author":4,"featured_media":1459,"parent":0,"menu_order":0,"comment_status":"closed","ping_status":"closed","template":"","meta":{"footnotes":""},"class_list":["post-1832","page","type-page","status-publish","has-post-thumbnail","hentry","grve-entry-item"],"yoast_head":"<!-- This site is optimized with the Yoast SEO plugin v27.4 - https:\/\/yoast.com\/product\/yoast-seo-wordpress\/ -->\n<title>About us - Hotel Munde Restaurant Biereck<\/title>\n<meta name=\"robots\" content=\"index, follow, max-snippet:-1, max-image-preview:large, max-video-preview:-1\" \/>\n<link rel=\"canonical\" href=\"https:\/\/munde-biereck.de\/en\/hotel-2\/\" \/>\n<meta property=\"og:locale\" content=\"en_US\" \/>\n<meta property=\"og:type\" content=\"article\" \/>\n<meta property=\"og:title\" content=\"About us - Hotel Munde Restaurant Biereck\" \/>\n<meta property=\"og:description\" content=\"[vc_row section_type=&#8221;fullwidth&#8221; height_ratio=&#8221;60&#8243; padding_top_multiplier=&#8221;&#8221; padding_bottom_multiplier=&#8221;&#8221; rc_bg_type=&#8221;color&#8221; scroll_header_skin=&#8221;dark&#8221; rc_bg_color=&#8221;#DFDAD0&#8243;][vc_column content_width=&#8221;70&#8243; horizontal_content_position=&#8221;center&#8221; vertical_content_position=&#8221;middle&#8221; text_align=&#8221;center&#8221; mobile_content_width=&#8221;100&#8243;][\/vc_column][\/vc_row][vc_row section_type=&#8221;fullwidth&#8221; padding_top_multiplier=&#8221;4x&#8221; padding_bottom_multiplier=&#8221;2x&#8221; columns_gap=&#8221;60&#8243; scroll_header_skin=&#8221;dark&#8221;][vc_column width=&#8221;1\/2&#8243; content_width=&#8221;85&#8243; vertical_content_position=&#8221;middle&#8221; mobile_content_width=&#8221;100&#8243; mobile_horizontal_content_position=&#8221;center&#8221;][vc_column_text css=&#8221;&#8221;]In the Black Forest, beauty isn&#8217;t just admired \u2014 it&#8217;s protected. Here, tradition and sustainability go hand in hand, and the new earns its place by fitting in naturally. That\u2019s the foundation [&hellip;]\" \/>\n<meta property=\"og:url\" content=\"https:\/\/munde-biereck.de\/en\/hotel-2\/\" \/>\n<meta property=\"og:site_name\" content=\"Hotel Munde Restaurant Biereck\" \/>\n<meta property=\"article:publisher\" content=\"https:\/\/www.facebook.com\/p\/Hotel-Munde-Biereck-100093245550304\" \/>\n<meta property=\"article:modified_time\" content=\"2026-03-03T16:28:10+00:00\" \/>\n<meta property=\"og:image\" content=\"https:\/\/munde-biereck.de\/wp-content\/uploads\/2025\/07\/Munde_Biereck_Interior_119.jpg\" \/>\n\t<meta property=\"og:image:width\" content=\"1800\" \/>\n\t<meta property=\"og:image:height\" content=\"1200\" \/>\n\t<meta property=\"og:image:type\" content=\"image\/jpeg\" \/>\n<meta name=\"twitter:card\" content=\"summary_large_image\" \/>\n<meta name=\"twitter:label1\" content=\"Est. reading time\" \/>\n\t<meta name=\"twitter:data1\" content=\"2 minutes\" \/>\n<script type=\"application\/ld+json\" class=\"yoast-schema-graph\">{\"@context\":\"https:\\\/\\\/schema.org\",\"@graph\":[{\"@type\":\"WebPage\",\"@id\":\"https:\\\/\\\/munde-biereck.de\\\/en\\\/hotel-2\\\/\",\"url\":\"https:\\\/\\\/munde-biereck.de\\\/en\\\/hotel-2\\\/\",\"name\":\"About us - Hotel Munde Restaurant Biereck\",\"isPartOf\":{\"@id\":\"https:\\\/\\\/munde-biereck.de\\\/#website\"},\"primaryImageOfPage\":{\"@id\":\"https:\\\/\\\/munde-biereck.de\\\/en\\\/hotel-2\\\/#primaryimage\"},\"image\":{\"@id\":\"https:\\\/\\\/munde-biereck.de\\\/en\\\/hotel-2\\\/#primaryimage\"},\"thumbnailUrl\":\"https:\\\/\\\/munde-biereck.de\\\/wp-content\\\/uploads\\\/2025\\\/07\\\/Munde_Biereck_Interior_119.jpg\",\"datePublished\":\"2025-08-07T12:31:08+00:00\",\"dateModified\":\"2026-03-03T16:28:10+00:00\",\"breadcrumb\":{\"@id\":\"https:\\\/\\\/munde-biereck.de\\\/en\\\/hotel-2\\\/#breadcrumb\"},\"inLanguage\":\"en-US\",\"potentialAction\":[{\"@type\":\"ReadAction\",\"target\":[\"https:\\\/\\\/munde-biereck.de\\\/en\\\/hotel-2\\\/\"]}]},{\"@type\":\"ImageObject\",\"inLanguage\":\"en-US\",\"@id\":\"https:\\\/\\\/munde-biereck.de\\\/en\\\/hotel-2\\\/#primaryimage\",\"url\":\"https:\\\/\\\/munde-biereck.de\\\/wp-content\\\/uploads\\\/2025\\\/07\\\/Munde_Biereck_Interior_119.jpg\",\"contentUrl\":\"https:\\\/\\\/munde-biereck.de\\\/wp-content\\\/uploads\\\/2025\\\/07\\\/Munde_Biereck_Interior_119.jpg\",\"width\":1800,\"height\":1200,\"caption\":\"Schwarz-wei\u00dfe Gem\u00e4lde von historischen Geb\u00e4uden an einer Holz-Wand.\"},{\"@type\":\"BreadcrumbList\",\"@id\":\"https:\\\/\\\/munde-biereck.de\\\/en\\\/hotel-2\\\/#breadcrumb\",\"itemListElement\":[{\"@type\":\"ListItem\",\"position\":1,\"name\":\"Startseite\",\"item\":\"https:\\\/\\\/munde-biereck.de\\\/en\\\/home\\\/\"},{\"@type\":\"ListItem\",\"position\":2,\"name\":\"About us\"}]},{\"@type\":\"WebSite\",\"@id\":\"https:\\\/\\\/munde-biereck.de\\\/#website\",\"url\":\"https:\\\/\\\/munde-biereck.de\\\/\",\"name\":\"Hotel Munde Restaurant Biereck\",\"description\":\"\",\"publisher\":{\"@id\":\"https:\\\/\\\/munde-biereck.de\\\/#organization\"},\"potentialAction\":[{\"@type\":\"SearchAction\",\"target\":{\"@type\":\"EntryPoint\",\"urlTemplate\":\"https:\\\/\\\/munde-biereck.de\\\/?s={search_term_string}\"},\"query-input\":{\"@type\":\"PropertyValueSpecification\",\"valueRequired\":true,\"valueName\":\"search_term_string\"}}],\"inLanguage\":\"en-US\"},{\"@type\":\"Organization\",\"@id\":\"https:\\\/\\\/munde-biereck.de\\\/#organization\",\"name\":\"Hotel Munde Restaurant Biereck\",\"url\":\"https:\\\/\\\/munde-biereck.de\\\/\",\"logo\":{\"@type\":\"ImageObject\",\"inLanguage\":\"en-US\",\"@id\":\"https:\\\/\\\/munde-biereck.de\\\/#\\\/schema\\\/logo\\\/image\\\/\",\"url\":\"https:\\\/\\\/munde-biereck.de\\\/wp-content\\\/uploads\\\/2025\\\/07\\\/Logo_Munde-Biereck_Kreis_RGB_Schwarz-scaled.png\",\"contentUrl\":\"https:\\\/\\\/munde-biereck.de\\\/wp-content\\\/uploads\\\/2025\\\/07\\\/Logo_Munde-Biereck_Kreis_RGB_Schwarz-scaled.png\",\"width\":2560,\"height\":2209,\"caption\":\"Hotel Munde Restaurant Biereck\"},\"image\":{\"@id\":\"https:\\\/\\\/munde-biereck.de\\\/#\\\/schema\\\/logo\\\/image\\\/\"},\"sameAs\":[\"https:\\\/\\\/www.facebook.com\\\/p\\\/Hotel-Munde-Biereck-100093245550304\",\"https:\\\/\\\/www.instagram.com\\\/hotel_munde_biereck\\\/\",\"https:\\\/\\\/www.linkedin.com\\\/company\\\/hotel-munde-biereck\\\/?originalSubdomain=de\"]}]}<\/script>\n<!-- \/ Yoast SEO plugin. -->","yoast_head_json":{"title":"About us - Hotel Munde Restaurant Biereck","robots":{"index":"index","follow":"follow","max-snippet":"max-snippet:-1","max-image-preview":"max-image-preview:large","max-video-preview":"max-video-preview:-1"},"canonical":"https:\/\/munde-biereck.de\/en\/hotel-2\/","og_locale":"en_US","og_type":"article","og_title":"About us - Hotel Munde Restaurant Biereck","og_description":"[vc_row section_type=&#8221;fullwidth&#8221; height_ratio=&#8221;60&#8243; padding_top_multiplier=&#8221;&#8221; padding_bottom_multiplier=&#8221;&#8221; rc_bg_type=&#8221;color&#8221; scroll_header_skin=&#8221;dark&#8221; rc_bg_color=&#8221;#DFDAD0&#8243;][vc_column content_width=&#8221;70&#8243; horizontal_content_position=&#8221;center&#8221; vertical_content_position=&#8221;middle&#8221; text_align=&#8221;center&#8221; mobile_content_width=&#8221;100&#8243;][\/vc_column][\/vc_row][vc_row section_type=&#8221;fullwidth&#8221; padding_top_multiplier=&#8221;4x&#8221; padding_bottom_multiplier=&#8221;2x&#8221; columns_gap=&#8221;60&#8243; scroll_header_skin=&#8221;dark&#8221;][vc_column width=&#8221;1\/2&#8243; content_width=&#8221;85&#8243; vertical_content_position=&#8221;middle&#8221; mobile_content_width=&#8221;100&#8243; mobile_horizontal_content_position=&#8221;center&#8221;][vc_column_text css=&#8221;&#8221;]In the Black Forest, beauty isn&#8217;t just admired \u2014 it&#8217;s protected. Here, tradition and sustainability go hand in hand, and the new earns its place by fitting in naturally. That\u2019s the foundation [&hellip;]","og_url":"https:\/\/munde-biereck.de\/en\/hotel-2\/","og_site_name":"Hotel Munde Restaurant Biereck","article_publisher":"https:\/\/www.facebook.com\/p\/Hotel-Munde-Biereck-100093245550304","article_modified_time":"2026-03-03T16:28:10+00:00","og_image":[{"width":1800,"height":1200,"url":"https:\/\/munde-biereck.de\/wp-content\/uploads\/2025\/07\/Munde_Biereck_Interior_119.jpg","type":"image\/jpeg"}],"twitter_card":"summary_large_image","twitter_misc":{"Est. reading time":"2 minutes"},"schema":{"@context":"https:\/\/schema.org","@graph":[{"@type":"WebPage","@id":"https:\/\/munde-biereck.de\/en\/hotel-2\/","url":"https:\/\/munde-biereck.de\/en\/hotel-2\/","name":"About us - Hotel Munde Restaurant Biereck","isPartOf":{"@id":"https:\/\/munde-biereck.de\/#website"},"primaryImageOfPage":{"@id":"https:\/\/munde-biereck.de\/en\/hotel-2\/#primaryimage"},"image":{"@id":"https:\/\/munde-biereck.de\/en\/hotel-2\/#primaryimage"},"thumbnailUrl":"https:\/\/munde-biereck.de\/wp-content\/uploads\/2025\/07\/Munde_Biereck_Interior_119.jpg","datePublished":"2025-08-07T12:31:08+00:00","dateModified":"2026-03-03T16:28:10+00:00","breadcrumb":{"@id":"https:\/\/munde-biereck.de\/en\/hotel-2\/#breadcrumb"},"inLanguage":"en-US","potentialAction":[{"@type":"ReadAction","target":["https:\/\/munde-biereck.de\/en\/hotel-2\/"]}]},{"@type":"ImageObject","inLanguage":"en-US","@id":"https:\/\/munde-biereck.de\/en\/hotel-2\/#primaryimage","url":"https:\/\/munde-biereck.de\/wp-content\/uploads\/2025\/07\/Munde_Biereck_Interior_119.jpg","contentUrl":"https:\/\/munde-biereck.de\/wp-content\/uploads\/2025\/07\/Munde_Biereck_Interior_119.jpg","width":1800,"height":1200,"caption":"Schwarz-wei\u00dfe Gem\u00e4lde von historischen Geb\u00e4uden an einer Holz-Wand."},{"@type":"BreadcrumbList","@id":"https:\/\/munde-biereck.de\/en\/hotel-2\/#breadcrumb","itemListElement":[{"@type":"ListItem","position":1,"name":"Startseite","item":"https:\/\/munde-biereck.de\/en\/home\/"},{"@type":"ListItem","position":2,"name":"About us"}]},{"@type":"WebSite","@id":"https:\/\/munde-biereck.de\/#website","url":"https:\/\/munde-biereck.de\/","name":"Hotel Munde Restaurant Biereck","description":"","publisher":{"@id":"https:\/\/munde-biereck.de\/#organization"},"potentialAction":[{"@type":"SearchAction","target":{"@type":"EntryPoint","urlTemplate":"https:\/\/munde-biereck.de\/?s={search_term_string}"},"query-input":{"@type":"PropertyValueSpecification","valueRequired":true,"valueName":"search_term_string"}}],"inLanguage":"en-US"},{"@type":"Organization","@id":"https:\/\/munde-biereck.de\/#organization","name":"Hotel Munde Restaurant Biereck","url":"https:\/\/munde-biereck.de\/","logo":{"@type":"ImageObject","inLanguage":"en-US","@id":"https:\/\/munde-biereck.de\/#\/schema\/logo\/image\/","url":"https:\/\/munde-biereck.de\/wp-content\/uploads\/2025\/07\/Logo_Munde-Biereck_Kreis_RGB_Schwarz-scaled.png","contentUrl":"https:\/\/munde-biereck.de\/wp-content\/uploads\/2025\/07\/Logo_Munde-Biereck_Kreis_RGB_Schwarz-scaled.png","width":2560,"height":2209,"caption":"Hotel Munde Restaurant Biereck"},"image":{"@id":"https:\/\/munde-biereck.de\/#\/schema\/logo\/image\/"},"sameAs":["https:\/\/www.facebook.com\/p\/Hotel-Munde-Biereck-100093245550304","https:\/\/www.instagram.com\/hotel_munde_biereck\/","https:\/\/www.linkedin.com\/company\/hotel-munde-biereck\/?originalSubdomain=de"]}]}},"_links":{"self":[{"href":"https:\/\/munde-biereck.de\/en\/wp-json\/wp\/v2\/pages\/1832","targetHints":{"allow":["GET"]}}],"collection":[{"href":"https:\/\/munde-biereck.de\/en\/wp-json\/wp\/v2\/pages"}],"about":[{"href":"https:\/\/munde-biereck.de\/en\/wp-json\/wp\/v2\/types\/page"}],"author":[{"embeddable":true,"href":"https:\/\/munde-biereck.de\/en\/wp-json\/wp\/v2\/users\/4"}],"replies":[{"embeddable":true,"href":"https:\/\/munde-biereck.de\/en\/wp-json\/wp\/v2\/comments?post=1832"}],"version-history":[{"count":49,"href":"https:\/\/munde-biereck.de\/en\/wp-json\/wp\/v2\/pages\/1832\/revisions"}],"predecessor-version":[{"id":2944,"href":"https:\/\/munde-biereck.de\/en\/wp-json\/wp\/v2\/pages\/1832\/revisions\/2944"}],"wp:featuredmedia":[{"embeddable":true,"href":"https:\/\/munde-biereck.de\/en\/wp-json\/wp\/v2\/media\/1459"}],"wp:attachment":[{"href":"https:\/\/munde-biereck.de\/en\/wp-json\/wp\/v2\/media?parent=1832"}],"curies":[{"name":"wp","href":"https:\/\/api.w.org\/{rel}","templated":true}]}}